{"id":41868,"date":"2025-06-06T08:37:48","date_gmt":"2025-06-06T08:37:48","guid":{"rendered":"https:\/\/nevenacolor.co.rs\/proizvod\/nevenalux-nitro-lak-baze\/"},"modified":"2025-06-09T11:05:24","modified_gmt":"2025-06-09T11:05:24","slug":"nevenalux-nitro-lak-baze","status":"publish","type":"product","link":"https:\/\/nevenacolor.co.rs\/sq\/proizvod\/nevenalux-nitro-lak-baze\/","title":{"rendered":"NEVENALUX NITRO LAK BAZ\u00cb"},"content":{"rendered":"<h3><strong>T\u00cb DH\u00cbNA T\u00cb P\u00cbRGJITHSHME DHE Q\u00cbLLIMI:<\/strong><\/h3>\n<p class=\"p1\">Nevenalux nitro laki baz\u00eb \u00ebsht\u00eb i destinuar si shtres\u00eb e par\u00eb p\u00ebr sip\u00ebrfaqe druri para lyerjes ose lustrimit p\u00ebrfundimtar. Karakterizohet nga tharje e shpejt\u00eb, ngjitje e mir\u00eb, fort\u00ebsi, elasticitet dhe leht\u00ebsi n\u00eb l\u00ebmim. Nitro laki p\u00ebrfundimtar me shk\u00eblqim \u00ebsht\u00eb i destinuar p\u00ebr lustrim final t\u00eb sip\u00ebrfaqeve prej druri. Karakterizohet nga tharje shum\u00eb e shpejt\u00eb, fort\u00ebsi e shk\u00eblqyer dhe shk\u00eblqim i lart\u00eb.   <\/p>\n<h3><strong>UDH\u00cbZIME P\u00cbR P\u00cbRDORIM<\/strong><\/h3>\n<p class=\"p1\">Para p\u00ebrdorimit p\u00ebrziejeni mir\u00eb. Sip\u00ebrfaqja ku aplikohet NEVENALUX NITRO LAK &#8211; baz\u00eb duhet t\u00eb jet\u00eb e that\u00eb dhe e past\u00ebr. Nitro laki p\u00ebrfundimtar aplikohet mbi nitro lakun baz\u00eb Nevenalux pas l\u00ebmimit paraprak. Nitro laki aplikohet me pistolet\u00eb, me fur\u00e7\u00eb ose zhytje. Tharja n\u00eb temperatur\u00eb prej 20\u00b0C zgjat 30 minuta.    <\/p>\n<h3><strong>KONSUMI<\/strong><\/h3>\n<p class=\"p1\">Me 1 kg lak mund t\u00eb mbulohen rreth 8-10 m\u00b2 n\u00eb nj\u00eb shtres\u00eb.<\/p>\n<h3><strong>AMBALAZHIMI<\/strong><\/h3>\n<p class=\"p1\">0.75 l, 2.5 l, 20 l dhe 200 l<\/p>\n<h3><strong>AFATI I P\u00cbRDORIMIT DHE RUAJTJA<\/strong><\/h3>\n<p class=\"p1\">36 muaj nga data e shtypur n\u00eb ambalazh. Ruhet n\u00eb ambalazhin origjinal, t\u00eb mbyllur mir\u00eb dhe t\u00eb pad\u00ebmtuar n\u00eb temperatur\u00eb nga +5\u00baC deri +25\u00baC. <\/p>\n<h3><strong>DOKUMENTACIONI<\/strong><\/h3>\n<div class=\"dokumentacija\">\n<p><a class=\"dugmeproizvod\" href=\"https:\/\/nevenacolor.co.rs\/wp-content\/uploads\/2025\/06\/Tehnicka-dokumentacija-10.pdf\" target=\"_blank\" rel=\"noopener\">DOKUMENTACIONI TEKNIK<\/a><\/p>\n<p><a class=\"dugmeproizvod\" href=\"https:\/\/nevenacolor.co.rs\/wp-content\/uploads\/2025\/06\/Bezbedonosni-list-9.pdf\" target=\"_blank\" rel=\"noopener\">FLETA E SIGURIS\u00cb<\/a><\/p>\n<p>&nbsp;<\/p>\n<\/div>\n","protected":false},"excerpt":{"rendered":"<p>T\u00cb DH\u00cbNA T\u00cb P\u00cbRGJITHSHME DHE Q\u00cbLLIMI: Nevenalux nitro laki baz\u00eb \u00ebsht\u00eb i destinuar si shtres\u00eb e par\u00eb p\u00ebr sip\u00ebrfaqe druri<\/p>\n","protected":false},"featured_media":41863,"template":"","meta":{"_monsterinsights_skip_tracking":false,"_monsterinsights_sitenote_active":false,"_monsterinsights_sitenote_note":"","_monsterinsights_sitenote_category":0},"product_brand":[],"product_cat":[552,553,548],"product_tag":[],"class_list":{"0":"post-41868","1":"product","2":"type-product","3":"status-publish","4":"has-post-thumbnail","6":"product_cat-lakeret","7":"product_cat-shtrese-nitro-sq","8":"product_cat-shtrese-per-drure","10":"first","11":"instock","12":"shipping-taxable","13":"product-type-simple"},"_links":{"self":[{"href":"https:\/\/nevenacolor.co.rs\/sq\/wp-json\/wp\/v2\/product\/41868","targetHints":{"allow":["GET"]}}],"collection":[{"href":"https:\/\/nevenacolor.co.rs\/sq\/wp-json\/wp\/v2\/product"}],"about":[{"href":"https:\/\/nevenacolor.co.rs\/sq\/wp-json\/wp\/v2\/types\/product"}],"version-history":[{"count":2,"href":"https:\/\/nevenacolor.co.rs\/sq\/wp-json\/wp\/v2\/product\/41868\/revisions"}],"predecessor-version":[{"id":42076,"href":"https:\/\/nevenacolor.co.rs\/sq\/wp-json\/wp\/v2\/product\/41868\/revisions\/42076"}],"wp:featuredmedia":[{"embeddable":true,"href":"https:\/\/nevenacolor.co.rs\/sq\/wp-json\/wp\/v2\/media\/41863"}],"wp:attachment":[{"href":"https:\/\/nevenacolor.co.rs\/sq\/wp-json\/wp\/v2\/media?parent=41868"}],"wp:term":[{"taxonomy":"product_brand","embeddable":true,"href":"https:\/\/nevenacolor.co.rs\/sq\/wp-json\/wp\/v2\/product_brand?post=41868"},{"taxonomy":"product_cat","embeddable":true,"href":"https:\/\/nevenacolor.co.rs\/sq\/wp-json\/wp\/v2\/product_cat?post=41868"},{"taxonomy":"product_tag","embeddable":true,"href":"https:\/\/nevenacolor.co.rs\/sq\/wp-json\/wp\/v2\/product_tag?post=41868"}],"curies":[{"name":"wp","href":"https:\/\/api.w.org\/{rel}","templated":true}]}}