{"id":41884,"date":"2025-06-06T08:47:38","date_gmt":"2025-06-06T08:47:38","guid":{"rendered":"https:\/\/nevenacolor.co.rs\/proizvod\/nevenalux-nitro-lak-perfundimtar\/"},"modified":"2025-06-09T11:04:59","modified_gmt":"2025-06-09T11:04:59","slug":"nevenalux-nitro-lak-perfundimtar","status":"publish","type":"product","link":"https:\/\/nevenacolor.co.rs\/sq\/proizvod\/nevenalux-nitro-lak-perfundimtar\/","title":{"rendered":"NEVENALUX NITRO LAK P\u00cbRFUNDIMTAR"},"content":{"rendered":"<h3><strong>T\u00cb DH\u00cbNA T\u00cb P\u00cbRGJITHSHME DHE Q\u00cbLLIMI:<\/strong><\/h3>\n<p class=\"p1\">Nevenalux nitro laku p\u00ebrfundimtar \u00ebsht\u00eb i destinuar si baz\u00eb p\u00ebr sip\u00ebrfaqet prej druri para lyerjes ose llakimit p\u00ebrfundimtar. Karakterizohet nga tharje e shpejt\u00eb, ngjitje e mir\u00eb, fort\u00ebsi, elasticitet dhe leht\u00ebsi n\u00eb l\u00ebmim. Nevenalux nitro laku p\u00ebrfundimtar me shk\u00eblqim \u00ebsht\u00eb i destinuar p\u00ebr llakimin p\u00ebrfundimtar t\u00eb sip\u00ebrfaqeve prej druri. Ka tharje t\u00eb shpejt\u00eb, fort\u00ebsi t\u00eb shk\u00eblqyer dhe shk\u00eblqim t\u00eb lart\u00eb.   <\/p>\n<h3><strong>UDH\u00cbZIME P\u00cbR P\u00cbRDORIM<\/strong><\/h3>\n<p class=\"p1\">P\u00ebrziejeni mir\u00eb para p\u00ebrdorimit. Sip\u00ebrfaqja ku aplikohet <strong data-start=\"537\" data-end=\"570\">Nevenalux nitro laku \u2013 baz\u00eb duhet<\/strong> t\u00eb jet\u00eb e that\u00eb dhe e past\u00ebr. <strong data-start=\"599\" data-end=\"640\">Nevenalux nitro p\u00ebrfundimtar \u2013 me shk\u00eblqim<\/strong> aplikohet mbi baz\u00ebn Nevenalux pas l\u00ebmimit paraprak. Laku aplikohet me pistolet\u00eb, fur\u00e7\u00eb ose me zhytje. Koha e tharjes n\u00eb temperatur\u00eb prej 20\u00b0C \u00ebsht\u00eb 30 minuta.   <\/p>\n<h3><strong>KONSUMI<\/strong><\/h3>\n<p class=\"p1\">Me 1 kg llak mund t\u00eb lyhen rreth 8\u201310 m\u00b2 n\u00eb nj\u00eb shtres\u00eb.<\/p>\n<h3><strong>AMBALAZHIMI<\/strong><\/h3>\n<p class=\"p1\">0.75 l, 2.5 l, 20 l dhe 200 l<\/p>\n<h3><strong>AFATI I P\u00cbRDORIMIT DHE RUAJTJA<\/strong><\/h3>\n<p class=\"p1\">36 muaj nga data e shtypur n\u00eb ambalazh. T\u00eb ruhet n\u00eb ambalazhin origjinal, t\u00eb mbyllur mir\u00eb dhe t\u00eb pad\u00ebmtuar, n\u00eb temperatur\u00eb nga +5\u00baC deri +25\u00baC. <\/p>\n<h3><strong>DOKUMENTACIONI<\/strong><\/h3>\n<div class=\"dokumentacija\">\n<p><a class=\"dugmeproizvod\" href=\"https:\/\/nevenacolor.co.rs\/wp-content\/uploads\/2025\/06\/Tehnicka-dokumentacija-11.pdf\" target=\"_blank\" rel=\"noopener\">DOKUMENTACIONI TEKNIK<\/a><\/p>\n<p><a class=\"dugmeproizvod\" href=\"https:\/\/nevenacolor.co.rs\/wp-content\/uploads\/2025\/06\/Bezbedonosni-list-10.pdf\" target=\"_blank\" rel=\"noopener\">FLETA E SIGURIS\u00cb<\/a><\/p>\n<\/div>\n","protected":false},"excerpt":{"rendered":"<p>T\u00cb DH\u00cbNA T\u00cb P\u00cbRGJITHSHME DHE Q\u00cbLLIMI: Nevenalux nitro laku p\u00ebrfundimtar \u00ebsht\u00eb i destinuar si baz\u00eb p\u00ebr sip\u00ebrfaqet prej druri para<\/p>\n","protected":false},"featured_media":41863,"template":"","meta":{"_monsterinsights_skip_tracking":false,"_monsterinsights_sitenote_active":false,"_monsterinsights_sitenote_note":"","_monsterinsights_sitenote_category":0},"product_brand":[],"product_cat":[552,553,548],"product_tag":[],"class_list":{"0":"post-41884","1":"product","2":"type-product","3":"status-publish","4":"has-post-thumbnail","6":"product_cat-lakeret","7":"product_cat-shtrese-nitro-sq","8":"product_cat-shtrese-per-drure","10":"first","11":"instock","12":"shipping-taxable","13":"product-type-simple"},"_links":{"self":[{"href":"https:\/\/nevenacolor.co.rs\/sq\/wp-json\/wp\/v2\/product\/41884","targetHints":{"allow":["GET"]}}],"collection":[{"href":"https:\/\/nevenacolor.co.rs\/sq\/wp-json\/wp\/v2\/product"}],"about":[{"href":"https:\/\/nevenacolor.co.rs\/sq\/wp-json\/wp\/v2\/types\/product"}],"version-history":[{"count":2,"href":"https:\/\/nevenacolor.co.rs\/sq\/wp-json\/wp\/v2\/product\/41884\/revisions"}],"predecessor-version":[{"id":42075,"href":"https:\/\/nevenacolor.co.rs\/sq\/wp-json\/wp\/v2\/product\/41884\/revisions\/42075"}],"wp:featuredmedia":[{"embeddable":true,"href":"https:\/\/nevenacolor.co.rs\/sq\/wp-json\/wp\/v2\/media\/41863"}],"wp:attachment":[{"href":"https:\/\/nevenacolor.co.rs\/sq\/wp-json\/wp\/v2\/media?parent=41884"}],"wp:term":[{"taxonomy":"product_brand","embeddable":true,"href":"https:\/\/nevenacolor.co.rs\/sq\/wp-json\/wp\/v2\/product_brand?post=41884"},{"taxonomy":"product_cat","embeddable":true,"href":"https:\/\/nevenacolor.co.rs\/sq\/wp-json\/wp\/v2\/product_cat?post=41884"},{"taxonomy":"product_tag","embeddable":true,"href":"https:\/\/nevenacolor.co.rs\/sq\/wp-json\/wp\/v2\/product_tag?post=41884"}],"curies":[{"name":"wp","href":"https:\/\/api.w.org\/{rel}","templated":true}]}}