{"id":41906,"date":"2025-06-06T08:55:42","date_gmt":"2025-06-06T08:55:42","guid":{"rendered":"https:\/\/nevenacolor.co.rs\/proizvod\/nevenalux-nitro-bejc\/"},"modified":"2025-06-09T11:54:03","modified_gmt":"2025-06-09T11:54:03","slug":"nevenalux-nitro-bejc","status":"publish","type":"product","link":"https:\/\/nevenacolor.co.rs\/sq\/proizvod\/nevenalux-nitro-bejc\/","title":{"rendered":"NEVENALUX NITRO BEJC"},"content":{"rendered":"<h3><strong>T\u00cb DH\u00cbNA T\u00cb P\u00cbRGJITHSHME DHE Q\u00cbLLIMI:<\/strong><\/h3>\n<p class=\"p1\">E dedikuar p\u00ebr dekorimin e sip\u00ebrfaqeve prej druri. Karakterizohet nga tharja e shpejt\u00eb. E thekson struktur\u00ebn natyrale t\u00eb drurit. Para p\u00ebrdorimit p\u00ebrziejeni mir\u00eb. Mos e holloni. Sip\u00ebrfaqja ku aplikohet <strong data-start=\"296\" data-end=\"320\">Nevenalux Nitro bejc<\/strong> duhet t\u00eb jet\u00eb e that\u00eb dhe e past\u00ebr, pa pluhur dhe yndyr\u00eb. Aplikohet me fur\u00e7\u00eb, me pistolet\u00eb ose me zhytje. P\u00ebr aplikimin e shtres\u00ebs s\u00eb radh\u00ebs pritet 12 or\u00eb. Tharja n\u00eb temperatur\u00eb prej 20\u00b0C zgjat 10 minuta.        <\/p>\n<h3><strong>KONSUMI<\/strong><\/h3>\n<p class=\"p1\">10\u201312 m\u00b2\/l p\u00ebr nj\u00eb shtres\u00eb<\/p>\n<h3><strong>AMBALAZHIMI<\/strong><\/h3>\n<p class=\"p1\">0,75 l<\/p>\n<h3><strong>AFATI I P\u00cbRDORIMIT DHE RUAJTJA<\/strong><\/h3>\n<p class=\"p1\">36 muaj nga data e sh\u00ebnuar n\u00eb ambalazh. T\u00eb ruhet n\u00eb paketimin origjinal, mir\u00eb t\u00eb mbyllur dhe t\u00eb pad\u00ebmtuar, n\u00eb temperatur\u00eb nga +5\u00baC deri n\u00eb +25\u00baC. <\/p>\n<h3><strong>DOKUMENTACIONI<\/strong><\/h3>\n<div class=\"dokumentacija\">\n<p><a class=\"dugmeproizvod\" href=\"https:\/\/nevenacolor.co.rs\/wp-content\/uploads\/2025\/06\/Tehnicka-dokumentacija-12.pdf\" target=\"_blank\" rel=\"noopener\">DOKUMENTACIONI TEKNIK<\/a><\/p>\n<p><a class=\"dugmeproizvod\" href=\"https:\/\/nevenacolor.co.rs\/wp-content\/uploads\/2025\/06\/Bezbedonosni-list-11.pdf\" target=\"_blank\" rel=\"noopener\">FLETA E SIGURIS\u00cb<\/a><\/p>\n<\/div>\n","protected":false},"excerpt":{"rendered":"<p>T\u00cb DH\u00cbNA T\u00cb P\u00cbRGJITHSHME DHE Q\u00cbLLIMI: E dedikuar p\u00ebr dekorimin e sip\u00ebrfaqeve prej druri. Karakterizohet nga tharja e shpejt\u00eb. E<\/p>\n","protected":false},"featured_media":41887,"template":"","meta":{"_monsterinsights_skip_tracking":false,"_monsterinsights_sitenote_active":false,"_monsterinsights_sitenote_note":"","_monsterinsights_sitenote_category":0},"product_brand":[],"product_cat":[549,550,548],"product_tag":[],"class_list":{"0":"post-41906","1":"product","2":"type-product","3":"status-publish","4":"has-post-thumbnail","6":"product_cat-bajcevi-sq","7":"product_cat-shtrese-nitro","8":"product_cat-shtrese-per-drure","10":"first","11":"instock","12":"shipping-taxable","13":"product-type-simple"},"_links":{"self":[{"href":"https:\/\/nevenacolor.co.rs\/sq\/wp-json\/wp\/v2\/product\/41906","targetHints":{"allow":["GET"]}}],"collection":[{"href":"https:\/\/nevenacolor.co.rs\/sq\/wp-json\/wp\/v2\/product"}],"about":[{"href":"https:\/\/nevenacolor.co.rs\/sq\/wp-json\/wp\/v2\/types\/product"}],"version-history":[{"count":2,"href":"https:\/\/nevenacolor.co.rs\/sq\/wp-json\/wp\/v2\/product\/41906\/revisions"}],"predecessor-version":[{"id":42091,"href":"https:\/\/nevenacolor.co.rs\/sq\/wp-json\/wp\/v2\/product\/41906\/revisions\/42091"}],"wp:featuredmedia":[{"embeddable":true,"href":"https:\/\/nevenacolor.co.rs\/sq\/wp-json\/wp\/v2\/media\/41887"}],"wp:attachment":[{"href":"https:\/\/nevenacolor.co.rs\/sq\/wp-json\/wp\/v2\/media?parent=41906"}],"wp:term":[{"taxonomy":"product_brand","embeddable":true,"href":"https:\/\/nevenacolor.co.rs\/sq\/wp-json\/wp\/v2\/product_brand?post=41906"},{"taxonomy":"product_cat","embeddable":true,"href":"https:\/\/nevenacolor.co.rs\/sq\/wp-json\/wp\/v2\/product_cat?post=41906"},{"taxonomy":"product_tag","embeddable":true,"href":"https:\/\/nevenacolor.co.rs\/sq\/wp-json\/wp\/v2\/product_tag?post=41906"}],"curies":[{"name":"wp","href":"https:\/\/api.w.org\/{rel}","templated":true}]}}