{"id":41923,"date":"2025-06-06T09:06:03","date_gmt":"2025-06-06T09:06:03","guid":{"rendered":"https:\/\/nevenacolor.co.rs\/proizvod\/nevenalux-lak-efekt\/"},"modified":"2025-06-09T11:04:33","modified_gmt":"2025-06-09T11:04:33","slug":"nevenalux-lak-efekt","status":"publish","type":"product","link":"https:\/\/nevenacolor.co.rs\/sq\/proizvod\/nevenalux-lak-efekt\/","title":{"rendered":"NEVENALUX LAK EFEKT"},"content":{"rendered":"<h3><strong>T\u00cb DH\u00cbNA T\u00cb P\u00cbRGJITHSHME DHE Q\u00cbLLIMI:<\/strong><\/h3>\n<p class=\"p1\">Nevenalux lak efekt \u00ebsht\u00eb nj\u00eb material nj\u00ebkomponent\u00ebsh p\u00ebr lyerje, i bazuar n\u00eb lidh\u00ebs sintetik\u00eb t\u00eb modifikuar me cil\u00ebsi t\u00eb lart\u00eb, pigmente, hollues dhe aditiv\u00eb special\u00eb. Karakterizohet nga efekti i ve\u00e7ant\u00eb &#8220;\u00e7eki\u00e7&#8221; (hammer). P\u00ebrdoret p\u00ebr mbrojtje dekorative t\u00eb sip\u00ebrfaqeve metalike.  <\/p>\n<h3><strong>UDH\u00cbZIME P\u00cbR PUN\u00cb<\/strong><\/h3>\n<p data-start=\"357\" data-end=\"581\">Aplikohet n\u00eb sip\u00ebrfaqe metalike n\u00eb nj\u00eb shtres\u00eb, n\u00eb m\u00ebnyr\u00eb t\u00eb pavarur ose n\u00eb sistem me boj\u00eb baz\u00eb me tharje t\u00eb shpejt\u00eb. Rekomandohet q\u00eb materiali t\u00eb aplikohet me sp\u00ebrkatje. P\u00ebr hollim dhe pastrim t\u00eb veglave p\u00ebrdorni hollues nitro.  <\/p>\n<h3><strong>KONSUMI<\/strong><\/h3>\n<p class=\"p1\">8\u201310 m\u00b2\/kg n\u00eb nj\u00eb shtres\u00eb.<\/p>\n<h3><strong>AMBALAZHIMI<\/strong><\/h3>\n<p class=\"p1\">0.75 l, 2.5 l, 20 l<\/p>\n<h3><strong>AFATI I P\u00cbRDORIMIT DHE RUAJTJA<\/strong><\/h3>\n<p class=\"p1\">36 muaj nga data e shtypur n\u00eb ambalazh. T\u00eb ruhet n\u00eb ambalazh origjinal, mir\u00eb t\u00eb mbyllur dhe t\u00eb pad\u00ebmtuar, n\u00eb temperatur\u00eb prej +5\u00baC deri +25\u00baC. <\/p>\n<h3><strong>NUANCAT<\/strong><\/h3>\n<p class=\"p1\">Argjendt\u00eb, jeshile, blu, e verdh\u00eb e art\u00eb, e kuqe dhe e zez\u00eb.<\/p>\n<h3><strong>DOKUMENTACIONI<\/strong><\/h3>\n<div class=\"dokumentacija\">\n<p><a class=\"dugmeproizvod\" href=\"https:\/\/nevenacolor.co.rs\/wp-content\/uploads\/2025\/06\/Tehnicka-dokumetacija.pdf\" target=\"_blank\" rel=\"noopener\">DOKUMENTACIONI TEKNIK<\/a><\/p>\n<p><a class=\"dugmeproizvod\" href=\"https:\/\/nevenacolor.co.rs\/wp-content\/uploads\/2025\/06\/Bezbedonosni-list-12.pdf\" target=\"_blank\" rel=\"noopener\">FLETA E SIGURIS\u00cb<\/a><\/p>\n<\/div>\n","protected":false},"excerpt":{"rendered":"<p>T\u00cb DH\u00cbNA T\u00cb P\u00cbRGJITHSHME DHE Q\u00cbLLIMI: Nevenalux lak efekt \u00ebsht\u00eb nj\u00eb material nj\u00ebkomponent\u00ebsh p\u00ebr lyerje, i bazuar n\u00eb lidh\u00ebs sintetik\u00eb<\/p>\n","protected":false},"featured_media":41756,"template":"","meta":{"_monsterinsights_skip_tracking":false,"_monsterinsights_sitenote_active":false,"_monsterinsights_sitenote_note":"","_monsterinsights_sitenote_category":0},"product_brand":[],"product_cat":[569,571,562],"product_tag":[],"class_list":{"0":"post-41923","1":"product","2":"type-product","3":"status-publish","4":"has-post-thumbnail","6":"product_cat-boje-mbarimi-per-metal","7":"product_cat-shtrese-e-tharjes-se-shpejte-sq","8":"product_cat-shtrese-per-metal","10":"first","11":"instock","12":"shipping-taxable","13":"product-type-simple"},"_links":{"self":[{"href":"https:\/\/nevenacolor.co.rs\/sq\/wp-json\/wp\/v2\/product\/41923","targetHints":{"allow":["GET"]}}],"collection":[{"href":"https:\/\/nevenacolor.co.rs\/sq\/wp-json\/wp\/v2\/product"}],"about":[{"href":"https:\/\/nevenacolor.co.rs\/sq\/wp-json\/wp\/v2\/types\/product"}],"version-history":[{"count":2,"href":"https:\/\/nevenacolor.co.rs\/sq\/wp-json\/wp\/v2\/product\/41923\/revisions"}],"predecessor-version":[{"id":42074,"href":"https:\/\/nevenacolor.co.rs\/sq\/wp-json\/wp\/v2\/product\/41923\/revisions\/42074"}],"wp:featuredmedia":[{"embeddable":true,"href":"https:\/\/nevenacolor.co.rs\/sq\/wp-json\/wp\/v2\/media\/41756"}],"wp:attachment":[{"href":"https:\/\/nevenacolor.co.rs\/sq\/wp-json\/wp\/v2\/media?parent=41923"}],"wp:term":[{"taxonomy":"product_brand","embeddable":true,"href":"https:\/\/nevenacolor.co.rs\/sq\/wp-json\/wp\/v2\/product_brand?post=41923"},{"taxonomy":"product_cat","embeddable":true,"href":"https:\/\/nevenacolor.co.rs\/sq\/wp-json\/wp\/v2\/product_cat?post=41923"},{"taxonomy":"product_tag","embeddable":true,"href":"https:\/\/nevenacolor.co.rs\/sq\/wp-json\/wp\/v2\/product_tag?post=41923"}],"curies":[{"name":"wp","href":"https:\/\/api.w.org\/{rel}","templated":true}]}}