{"id":41946,"date":"2025-06-06T09:15:16","date_gmt":"2025-06-06T09:15:16","guid":{"rendered":"https:\/\/nevenacolor.co.rs\/proizvod\/nevenalux-shtrese-poliuretani\/"},"modified":"2025-06-09T11:44:30","modified_gmt":"2025-06-09T11:44:30","slug":"nevenalux-shtrese-poliuretani","status":"publish","type":"product","link":"https:\/\/nevenacolor.co.rs\/sq\/proizvod\/nevenalux-shtrese-poliuretani\/","title":{"rendered":"NEVENALUX SHTRES\u00cb POLIURETANI"},"content":{"rendered":"<h3><strong>T\u00cb DH\u00cbNA T\u00cb P\u00cbRGJITHSHME DHE Q\u00cbLLIMI:<\/strong><\/h3>\n<p class=\"p1\">NEVENALUX shtresa poliuretani \u00ebsht\u00eb e prodhuar n\u00eb baz\u00eb t\u00eb lidh\u00ebsve alkidik\u00eb dhe nitroceluloz\u00ebs, tret\u00ebsve t\u00eb p\u00ebrshtatsh\u00ebm dhe aditiv\u00ebve. P\u00ebrdoret si baz\u00eb p\u00ebr t\u00eb gjitha llojet e parketit, dyshemeve prej druri, mobilieve t\u00eb sht\u00ebpis\u00eb dhe t\u00eb tjera. <\/p>\n<h3><strong>UDH\u00cbZIME P\u00cbR P\u00cbRDORIM<\/strong><\/h3>\n<p data-start=\"357\" data-end=\"581\">Shtresa aplikohet me brush\u00eb, rul ose me pistolet\u00eb mbi sip\u00ebrfaqe t\u00eb m\u00ebparshme t\u00eb l\u00ebmuara, t\u00eb thata, t\u00eb yndyr\u00ebhequra dhe t\u00eb pastra. Aplikohet n\u00eb nj\u00eb ose dy shtresa me l\u00ebmim nd\u00ebrmjet shtresave. Shtresa e llakut mbi baz\u00ebn aplikohet pas 12 or\u00ebsh. P\u00ebr hollim dhe pastrim t\u00eb veglave p\u00ebrdoret holluesi nitro \u201cCool\u201d.   <\/p>\n<h3><strong>KONSUMI<\/strong><\/h3>\n<p class=\"p1\">Me 1 lit\u00ebr llak mund t\u00eb lyhen 8\u201310 m\u00b2 n\u00eb nj\u00eb shtres\u00eb.<\/p>\n<h3><strong>AMBALAZHIMI<\/strong><\/h3>\n<p class=\"p1\">0.75 l, 2.5 l dhe 20 l<\/p>\n<h3><strong>AFATI I P\u00cbRDORIMIT DHE RUAJTJA<\/strong><\/h3>\n<p class=\"p1\">36 muaj nga data e shtypur n\u00eb ambalazh. T\u00eb ruhet n\u00eb ambalazhin origjinal, mir\u00eb t\u00eb mbyllur dhe t\u00eb pad\u00ebmtuar n\u00eb temperatur\u00eb nga +5\u00baC deri +25\u00baC. <\/p>\n<h3><strong>DOKUMENTACIONI<\/strong><\/h3>\n<div class=\"dokumentacija\">\n<p><a class=\"dugmeproizvod\" href=\"https:\/\/nevenacolor.co.rs\/wp-content\/uploads\/2025\/06\/Tehnicka-dokumentacija-13.pdf\" target=\"_blank\" rel=\"noopener\">DOKUMENTACIONI TEKNIK<\/a><\/p>\n<p><a class=\"dugmeproizvod\" href=\"https:\/\/nevenacolor.co.rs\/wp-content\/uploads\/2025\/06\/Bezbedonosni-list-13.pdf\" target=\"_blank\" rel=\"noopener\">FLETA E SIGURIS\u00cb<\/a><\/p>\n<\/div>\n","protected":false},"excerpt":{"rendered":"<p>T\u00cb DH\u00cbNA T\u00cb P\u00cbRGJITHSHME DHE Q\u00cbLLIMI: NEVENALUX shtresa poliuretani \u00ebsht\u00eb e prodhuar n\u00eb baz\u00eb t\u00eb lidh\u00ebsve alkidik\u00eb dhe nitroceluloz\u00ebs, tret\u00ebsve<\/p>\n","protected":false},"featured_media":41941,"template":"","meta":{"_monsterinsights_skip_tracking":false,"_monsterinsights_sitenote_active":false,"_monsterinsights_sitenote_note":"","_monsterinsights_sitenote_category":0},"product_brand":[],"product_cat":[574,548],"product_tag":[],"class_list":{"0":"post-41946","1":"product","2":"type-product","3":"status-publish","4":"has-post-thumbnail","6":"product_cat-livar-per-parket","7":"product_cat-shtrese-per-drure","9":"first","10":"instock","11":"shipping-taxable","12":"product-type-simple"},"_links":{"self":[{"href":"https:\/\/nevenacolor.co.rs\/sq\/wp-json\/wp\/v2\/product\/41946","targetHints":{"allow":["GET"]}}],"collection":[{"href":"https:\/\/nevenacolor.co.rs\/sq\/wp-json\/wp\/v2\/product"}],"about":[{"href":"https:\/\/nevenacolor.co.rs\/sq\/wp-json\/wp\/v2\/types\/product"}],"version-history":[{"count":2,"href":"https:\/\/nevenacolor.co.rs\/sq\/wp-json\/wp\/v2\/product\/41946\/revisions"}],"predecessor-version":[{"id":42090,"href":"https:\/\/nevenacolor.co.rs\/sq\/wp-json\/wp\/v2\/product\/41946\/revisions\/42090"}],"wp:featuredmedia":[{"embeddable":true,"href":"https:\/\/nevenacolor.co.rs\/sq\/wp-json\/wp\/v2\/media\/41941"}],"wp:attachment":[{"href":"https:\/\/nevenacolor.co.rs\/sq\/wp-json\/wp\/v2\/media?parent=41946"}],"wp:term":[{"taxonomy":"product_brand","embeddable":true,"href":"https:\/\/nevenacolor.co.rs\/sq\/wp-json\/wp\/v2\/product_brand?post=41946"},{"taxonomy":"product_cat","embeddable":true,"href":"https:\/\/nevenacolor.co.rs\/sq\/wp-json\/wp\/v2\/product_cat?post=41946"},{"taxonomy":"product_tag","embeddable":true,"href":"https:\/\/nevenacolor.co.rs\/sq\/wp-json\/wp\/v2\/product_tag?post=41946"}],"curies":[{"name":"wp","href":"https:\/\/api.w.org\/{rel}","templated":true}]}}