{"id":41969,"date":"2025-06-06T09:54:24","date_gmt":"2025-06-06T09:54:24","guid":{"rendered":"https:\/\/nevenacolor.co.rs\/proizvod\/nevenalux-mase-per-mbushjen-e-fugave-te-parketit\/"},"modified":"2025-06-09T11:04:07","modified_gmt":"2025-06-09T11:04:07","slug":"nevenalux-mase-per-mbushjen-e-fugave-te-parketit","status":"publish","type":"product","link":"https:\/\/nevenacolor.co.rs\/sq\/proizvod\/nevenalux-mase-per-mbushjen-e-fugave-te-parketit\/","title":{"rendered":"NEVENALUX MAS\u00cb P\u00cbR MBUSHJEN E FUGAVE T\u00cb PARKETIT"},"content":{"rendered":"<h3><strong>T\u00cb DH\u00cbNA T\u00cb P\u00cbRGJITHSHME DHE Q\u00cbLLIMI:<\/strong><\/h3>\n<p class=\"p1\">Llak transparent i cili n\u00eb kombinim me pluhurin e drurit jep nj\u00eb mas\u00eb p\u00ebr mbushje fugash. Me p\u00ebrdorimin e k\u00ebsaj mase t\u00eb p\u00ebrgatitur arrihet efekti i nj\u00eb dyshemeje monolite me pamje t\u00eb shk\u00eblqyer vizuale, duke ulur nj\u00ebkoh\u00ebsisht edhe konsumin e llakut. \u00cbsht\u00eb i destinuar p\u00ebr mbushjen e fugave t\u00eb krijuara gjat\u00eb vendosjes s\u00eb parketit dhe p\u00ebr d\u00ebmtime t\u00eb vogla t\u00eb parketit. Masa e p\u00ebrgatitur aplikohet para g\u00ebrryerjes s\u00eb parketit.   <\/p>\n<h3><strong>UDH\u00cbZIME P\u00cbR P\u00cbRDORIM<\/strong><\/h3>\n<p data-start=\"357\" data-end=\"581\">N\u00eb mas\u00ebn p\u00ebr mbushje t\u00eb fugave t\u00eb parketit shtohet pluhur druri nga g\u00ebrryerja e fundit, derisa t\u00eb merret nj\u00eb mas\u00eb e trash\u00eb (me konsistenc\u00eb t\u00eb ngjashme me kitin), e cila aplikohet me spatul n\u00eb t\u00eb gjith\u00eb sip\u00ebrfaqen. Pas tharjes prej 1\u20132 or\u00ebsh, parketi mund t\u00eb g\u00ebrvishtet. <\/p>\n<h3><strong>KONSUMI<\/strong><\/h3>\n<p class=\"p1\">Me 1 kg llak mund t\u00eb mbulohen rreth 8\u201310 m\u00b2.<\/p>\n<h3><strong>AMBALAZHIMI<\/strong><\/h3>\n<p class=\"p1\">0,9 kg<\/p>\n<h3><strong>AFATI I P\u00cbRDORIMIT DHE RUAJTJA<\/strong><\/h3>\n<p class=\"p1\">36 muaj nga data e shtypur n\u00eb ambalazh. T\u00eb ruhet n\u00eb ambalazhin origjinal, mir\u00eb t\u00eb mbyllur dhe t\u00eb pad\u00ebmtuar t\u00eb fabrik\u00ebs n\u00eb temperatur\u00eb prej +5\u00baC deri +25\u00baC. <\/p>\n<h3><strong>DOKUMENTACIONI<\/strong><\/h3>\n<div class=\"dokumentacija\">\n<p><a class=\"dugmeproizvod\" href=\"https:\/\/nevenacolor.co.rs\/wp-content\/uploads\/2025\/06\/Tehnicka-dokumenatacija.pdf\" target=\"_blank\" rel=\"noopener\">DOKUMENTACIONI TEKNIK<\/a><\/p>\n<p><a class=\"dugmeproizvod\" href=\"https:\/\/nevenacolor.co.rs\/wp-content\/uploads\/2025\/06\/Bezbedonosni-list-14.pdf\" target=\"_blank\" rel=\"noopener\">FLETA E SIGURIS\u00cb<\/a><\/p>\n<\/div>\n","protected":false},"excerpt":{"rendered":"<p>T\u00cb DH\u00cbNA T\u00cb P\u00cbRGJITHSHME DHE Q\u00cbLLIMI: Llak transparent i cili n\u00eb kombinim me pluhurin e drurit jep nj\u00eb mas\u00eb p\u00ebr<\/p>\n","protected":false},"featured_media":41949,"template":"","meta":{"_monsterinsights_skip_tracking":false,"_monsterinsights_sitenote_active":false,"_monsterinsights_sitenote_note":"","_monsterinsights_sitenote_category":0},"product_brand":[],"product_cat":[574,548],"product_tag":[],"class_list":{"0":"post-41969","1":"product","2":"type-product","3":"status-publish","4":"has-post-thumbnail","6":"product_cat-livar-per-parket","7":"product_cat-shtrese-per-drure","9":"first","10":"instock","11":"shipping-taxable","12":"product-type-simple"},"_links":{"self":[{"href":"https:\/\/nevenacolor.co.rs\/sq\/wp-json\/wp\/v2\/product\/41969","targetHints":{"allow":["GET"]}}],"collection":[{"href":"https:\/\/nevenacolor.co.rs\/sq\/wp-json\/wp\/v2\/product"}],"about":[{"href":"https:\/\/nevenacolor.co.rs\/sq\/wp-json\/wp\/v2\/types\/product"}],"version-history":[{"count":2,"href":"https:\/\/nevenacolor.co.rs\/sq\/wp-json\/wp\/v2\/product\/41969\/revisions"}],"predecessor-version":[{"id":42072,"href":"https:\/\/nevenacolor.co.rs\/sq\/wp-json\/wp\/v2\/product\/41969\/revisions\/42072"}],"wp:featuredmedia":[{"embeddable":true,"href":"https:\/\/nevenacolor.co.rs\/sq\/wp-json\/wp\/v2\/media\/41949"}],"wp:attachment":[{"href":"https:\/\/nevenacolor.co.rs\/sq\/wp-json\/wp\/v2\/media?parent=41969"}],"wp:term":[{"taxonomy":"product_brand","embeddable":true,"href":"https:\/\/nevenacolor.co.rs\/sq\/wp-json\/wp\/v2\/product_brand?post=41969"},{"taxonomy":"product_cat","embeddable":true,"href":"https:\/\/nevenacolor.co.rs\/sq\/wp-json\/wp\/v2\/product_cat?post=41969"},{"taxonomy":"product_tag","embeddable":true,"href":"https:\/\/nevenacolor.co.rs\/sq\/wp-json\/wp\/v2\/product_tag?post=41969"}],"curies":[{"name":"wp","href":"https:\/\/api.w.org\/{rel}","templated":true}]}}