{"id":41991,"date":"2025-06-06T12:23:21","date_gmt":"2025-06-06T12:23:21","guid":{"rendered":"https:\/\/nevenacolor.co.rs\/proizvod\/nevenalux-antika-emajl-lak\/"},"modified":"2025-06-09T11:04:21","modified_gmt":"2025-06-09T11:04:21","slug":"nevenalux-antika-emajl-lak","status":"publish","type":"product","link":"https:\/\/nevenacolor.co.rs\/sq\/proizvod\/nevenalux-antika-emajl-lak\/","title":{"rendered":"NEVENALUX ANTIKA EMAJL LAK"},"content":{"rendered":"<h3><strong>T\u00cb DH\u00cbNA T\u00cb P\u00cbRGJITHSHME DHE Q\u00cbLLIMI:<\/strong><\/h3>\n<p class=\"p1\">NEVENALUX ANTIKA EMAJL LAK \u00ebsht\u00eb nj\u00eb mjet veshjeje nj\u00ebkomponent\u00ebsh bazuar n\u00eb lidh\u00ebs alkidik me cil\u00ebsi t\u00eb lart\u00eb, pigmente, tret\u00ebs dhe aditiv\u00eb t\u00eb p\u00ebrshtatsh\u00ebm. P\u00ebrdoret si shtres\u00eb p\u00ebrfundimtare dekorative p\u00ebr sip\u00ebrfaqe metalike (\u00e7elik, hekur t\u00eb derdhur) n\u00eb ambient t\u00eb jasht\u00ebm. Filmi i that\u00eb ka efekt t\u00eb ve\u00e7ant\u00eb t\u00eb hekurit t\u00eb vjet\u00ebr t\u00eb gdhendur. Pamja e tij \u00ebsht\u00eb me shk\u00eblqim metalik.   <\/p>\n<h3><strong>UDH\u00cbZIME P\u00cbR P\u00cbRDORIM<\/strong><\/h3>\n<p data-start=\"357\" data-end=\"581\">Aplikohet me fur\u00e7\u00eb, rul ose sp\u00ebrkatje n\u00eb nj\u00eb shtres\u00eb t\u00eb vetme. Sip\u00ebrfaqja ku aplikohet duhet t\u00eb jet\u00eb e that\u00eb, e past\u00ebr, pa pluhur dhe yndyr\u00eb. P\u00ebr hollim dhe pastrim t\u00eb veglave p\u00ebrdoret tret\u00ebs yndyror.  <\/p>\n<h3><strong>KONSUMI<\/strong><\/h3>\n<p class=\"p1\">6-8 m\u00b2\/l n\u00eb nj\u00eb shtres\u00eb.<\/p>\n<h3><strong>AMBALAZHIMI<\/strong><\/h3>\n<p class=\"p1\">0,75 l<\/p>\n<h3><strong>AFATI I P\u00cbRDORIMIT DHE RUAJTJA<\/strong><\/h3>\n<p class=\"p1\">36 muaj nga data e stampuar n\u00eb ambalazh. Ruani n\u00eb ambalazhin origjinal, t\u00eb mbyllur mir\u00eb dhe t\u00eb paprekur n\u00eb temperatur\u00eb prej +5\u00baC deri n\u00eb +25\u00baC. <\/p>\n<h3><strong>NUANCAT<\/strong><\/h3>\n<p class=\"p1\">GUR\u00cbZ, E ZEZ\u00cb, E GJELB\u00cbR, BRONZ\u00cb E ART\u00cb<\/p>\n<h3><strong>DOKUMENTACIONI<\/strong><\/h3>\n<div class=\"dokumentacija\">\n<p><a class=\"dugmeproizvod\" href=\"https:\/\/nevenacolor.co.rs\/wp-content\/uploads\/2025\/06\/Tehnicka-dokumentacija-14.pdf\" target=\"_blank\" rel=\"noopener\">DOKUMENTACIONI TEKNIK<\/a><\/p>\n<p><a class=\"dugmeproizvod\" href=\"https:\/\/nevenacolor.co.rs\/wp-content\/uploads\/2025\/06\/Bezbedonosni-list-15.pdf\" target=\"_blank\" rel=\"noopener\">FLETA E SIGURIS\u00cb<\/a><\/p>\n<\/div>\n","protected":false},"excerpt":{"rendered":"<p>T\u00cb DH\u00cbNA T\u00cb P\u00cbRGJITHSHME DHE Q\u00cbLLIMI: NEVENALUX ANTIKA EMAJL LAK \u00ebsht\u00eb nj\u00eb mjet veshjeje nj\u00ebkomponent\u00ebsh bazuar n\u00eb lidh\u00ebs alkidik me<\/p>\n","protected":false},"featured_media":41750,"template":"","meta":{"_monsterinsights_skip_tracking":false,"_monsterinsights_sitenote_active":false,"_monsterinsights_sitenote_note":"","_monsterinsights_sitenote_category":0},"product_brand":[],"product_cat":[569,562,573],"product_tag":[],"class_list":{"0":"post-41991","1":"product","2":"type-product","3":"status-publish","4":"has-post-thumbnail","6":"product_cat-boje-mbarimi-per-metal","7":"product_cat-shtrese-per-metal","8":"product_cat-veshje-alkidi-me-baze-vaj-sq","10":"first","11":"instock","12":"shipping-taxable","13":"product-type-simple"},"_links":{"self":[{"href":"https:\/\/nevenacolor.co.rs\/sq\/wp-json\/wp\/v2\/product\/41991","targetHints":{"allow":["GET"]}}],"collection":[{"href":"https:\/\/nevenacolor.co.rs\/sq\/wp-json\/wp\/v2\/product"}],"about":[{"href":"https:\/\/nevenacolor.co.rs\/sq\/wp-json\/wp\/v2\/types\/product"}],"version-history":[{"count":2,"href":"https:\/\/nevenacolor.co.rs\/sq\/wp-json\/wp\/v2\/product\/41991\/revisions"}],"predecessor-version":[{"id":42073,"href":"https:\/\/nevenacolor.co.rs\/sq\/wp-json\/wp\/v2\/product\/41991\/revisions\/42073"}],"wp:featuredmedia":[{"embeddable":true,"href":"https:\/\/nevenacolor.co.rs\/sq\/wp-json\/wp\/v2\/media\/41750"}],"wp:attachment":[{"href":"https:\/\/nevenacolor.co.rs\/sq\/wp-json\/wp\/v2\/media?parent=41991"}],"wp:term":[{"taxonomy":"product_brand","embeddable":true,"href":"https:\/\/nevenacolor.co.rs\/sq\/wp-json\/wp\/v2\/product_brand?post=41991"},{"taxonomy":"product_cat","embeddable":true,"href":"https:\/\/nevenacolor.co.rs\/sq\/wp-json\/wp\/v2\/product_cat?post=41991"},{"taxonomy":"product_tag","embeddable":true,"href":"https:\/\/nevenacolor.co.rs\/sq\/wp-json\/wp\/v2\/product_tag?post=41991"}],"curies":[{"name":"wp","href":"https:\/\/api.w.org\/{rel}","templated":true}]}}