{"id":42021,"date":"2025-06-06T12:37:49","date_gmt":"2025-06-06T12:37:49","guid":{"rendered":"https:\/\/nevenacolor.co.rs\/proizvod\/nevenalux-2k-lak-poliuretani-per-parket\/"},"modified":"2025-06-09T11:03:15","modified_gmt":"2025-06-09T11:03:15","slug":"nevenalux-2k-lak-poliuretani-per-parket","status":"publish","type":"product","link":"https:\/\/nevenacolor.co.rs\/sq\/proizvod\/nevenalux-2k-lak-poliuretani-per-parket\/","title":{"rendered":"NEVENALUX 2K LAK POLIURETANI P\u00cbR PARKET"},"content":{"rendered":"<h3><strong>T\u00cb DH\u00cbNA T\u00cb P\u00cbRGJITHSHME DHE Q\u00cbLLIMI:<\/strong><\/h3>\n<p class=\"p1\">NEVENALUX 2K LAK POLIURETANI P\u00cbR PARKET \u00ebsht\u00eb nj\u00eb lak poliuretanik me dy komponent\u00eb q\u00eb p\u00ebrdoret p\u00ebr lyerjen e parketit, dyshemes\u00eb s\u00eb anijes, dantellave, shkall\u00ebve druri dhe sip\u00ebrfaqeve t\u00eb ngjashme druri n\u00eb ambiente t\u00eb brendshme q\u00eb jan\u00eb t\u00eb ekspozuara ndaj kushteve specifike t\u00eb p\u00ebrdorimit dhe ngarkesave. Siguron fort\u00ebsi t\u00eb shk\u00eblqyer sip\u00ebrfaq\u00ebsore, mbrojtje afatgjat\u00eb, rezistenc\u00eb ndaj konsumimit, ujit dhe produkteve pastruese. <\/p>\n<h3><strong>UDH\u00cbZIME P\u00cbR P\u00cbRDORIM<\/strong><\/h3>\n<p data-start=\"357\" data-end=\"581\">Sip\u00ebrfaqja q\u00eb do t\u00eb lyhet duhet t\u00eb jet\u00eb e g\u00ebrryera, e that\u00eb, pa yndyr\u00eb, dyll dhe pluhur.<br data-start=\"600\" data-end=\"603\">P\u00ebrzieni komponent\u00ebt n\u00eb raport A:B = 1:1 menj\u00ebher\u00eb para p\u00ebrdorimit.<br data-start=\"670\" data-end=\"673\">P\u00ebrdorni p\u00ebrzierjen e p\u00ebrgatitur brenda 6-8 or\u00ebve.<br data-start=\"726\" data-end=\"729\">Lak poliuretanik 2K p\u00ebr parket aplikoni n\u00eb sistem me nj\u00eb shtres\u00eb poliuretani 2K primer p\u00ebr parket, plus dy shtresa lak 2K PU p\u00ebr parket ose tri shtresa lak 2K PU p\u00ebr parket me nd\u00ebrmjet\u00ebsim me zdrukth\u00ebri, g\u00ebrryerje dhe pastrim.<br data-start=\"940\" data-end=\"943\">P\u00ebr g\u00ebrryerje nd\u00ebrmjet\u00ebsore p\u00ebrdorni let\u00ebr g\u00ebrryese num\u00ebr 120-150. Thatja e shtres\u00ebs s\u00eb par\u00eb zgjat 24 or\u00eb, pas s\u00eb cil\u00ebs duhet t\u00eb g\u00ebrryhet sip\u00ebrfaqja me let\u00ebr g\u00ebrryese t\u00eb holl\u00eb, pastrohet dhe aplikohet shtresa tjet\u00ebr e lakut. Shtresa p\u00ebrfundimtare e lakut ngurt\u00ebsohet plot\u00ebsisht pas 72 or\u00ebve n\u00eb 20\u00b0C, kur edhe rekomandohet p\u00ebrdorimi i ambientit.  <br data-start=\"1245\" data-end=\"1248\">Mjetet pas p\u00ebrdorimit lahen me tret\u00ebs Cool nitro.<\/p>\n<h3><strong>KONSUMI<\/strong><\/h3>\n<p class=\"p1\">80-100 g\/m\u00b2<\/p>\n<h3><strong>AMBALAZHIMI<\/strong><\/h3>\n<p class=\"p1\">1+1 l, 2.5+2.5 l, 20+20 l<\/p>\n<h3><strong>AFATI I P\u00cbRDORIMIT DHE RUAJTJA<\/strong><\/h3>\n<p class=\"p1\">12 muaj nga data e stampuar n\u00eb ambalazh. Ruani n\u00eb ambalazhin origjinal, t\u00eb mbyllur mir\u00eb dhe t\u00eb paprekur n\u00eb temperatur\u00eb prej +5\u00baC deri n\u00eb +25\u00baC. <\/p>\n<h3><strong>DOKUMENTACIONI<\/strong><\/h3>\n<div class=\"dokumentacija\">\n<p><a class=\"dugmeproizvod\" href=\"https:\/\/nevenacolor.co.rs\/wp-content\/uploads\/2025\/06\/Tehnicka-dokuemtacija.pdf\" target=\"_blank\" rel=\"noopener\">DOKUMENTACIONI TEKNIK<\/a><\/p>\n<p><a class=\"dugmeproizvod\" href=\"https:\/\/nevenacolor.co.rs\/wp-content\/uploads\/2025\/06\/Bezbedonosni-list-16.pdf\" target=\"_blank\" rel=\"noopener\">FLETA E SIGURIS\u00cb<\/a><\/p>\n<\/div>\n","protected":false},"excerpt":{"rendered":"<p>T\u00cb DH\u00cbNA T\u00cb P\u00cbRGJITHSHME DHE Q\u00cbLLIMI: NEVENALUX 2K LAK POLIURETANI P\u00cbR PARKET \u00ebsht\u00eb nj\u00eb lak poliuretanik me dy komponent\u00eb q\u00eb<\/p>\n","protected":false},"featured_media":42016,"template":"","meta":{"_monsterinsights_skip_tracking":false,"_monsterinsights_sitenote_active":false,"_monsterinsights_sitenote_note":"","_monsterinsights_sitenote_category":0},"product_brand":[],"product_cat":[574,548],"product_tag":[],"class_list":{"0":"post-42021","1":"product","2":"type-product","3":"status-publish","4":"has-post-thumbnail","6":"product_cat-livar-per-parket","7":"product_cat-shtrese-per-drure","9":"first","10":"instock","11":"shipping-taxable","12":"product-type-simple"},"_links":{"self":[{"href":"https:\/\/nevenacolor.co.rs\/sq\/wp-json\/wp\/v2\/product\/42021","targetHints":{"allow":["GET"]}}],"collection":[{"href":"https:\/\/nevenacolor.co.rs\/sq\/wp-json\/wp\/v2\/product"}],"about":[{"href":"https:\/\/nevenacolor.co.rs\/sq\/wp-json\/wp\/v2\/types\/product"}],"version-history":[{"count":2,"href":"https:\/\/nevenacolor.co.rs\/sq\/wp-json\/wp\/v2\/product\/42021\/revisions"}],"predecessor-version":[{"id":42071,"href":"https:\/\/nevenacolor.co.rs\/sq\/wp-json\/wp\/v2\/product\/42021\/revisions\/42071"}],"wp:featuredmedia":[{"embeddable":true,"href":"https:\/\/nevenacolor.co.rs\/sq\/wp-json\/wp\/v2\/media\/42016"}],"wp:attachment":[{"href":"https:\/\/nevenacolor.co.rs\/sq\/wp-json\/wp\/v2\/media?parent=42021"}],"wp:term":[{"taxonomy":"product_brand","embeddable":true,"href":"https:\/\/nevenacolor.co.rs\/sq\/wp-json\/wp\/v2\/product_brand?post=42021"},{"taxonomy":"product_cat","embeddable":true,"href":"https:\/\/nevenacolor.co.rs\/sq\/wp-json\/wp\/v2\/product_cat?post=42021"},{"taxonomy":"product_tag","embeddable":true,"href":"https:\/\/nevenacolor.co.rs\/sq\/wp-json\/wp\/v2\/product_tag?post=42021"}],"curies":[{"name":"wp","href":"https:\/\/api.w.org\/{rel}","templated":true}]}}