{"id":42053,"date":"2025-06-06T12:54:34","date_gmt":"2025-06-06T12:54:34","guid":{"rendered":"https:\/\/nevenacolor.co.rs\/proizvod\/nevenalux-nitro-emajl-lak\/"},"modified":"2025-06-09T11:02:12","modified_gmt":"2025-06-09T11:02:12","slug":"nevenalux-nitro-emajl-lak","status":"publish","type":"product","link":"https:\/\/nevenacolor.co.rs\/sq\/proizvod\/nevenalux-nitro-emajl-lak\/","title":{"rendered":"NEVENALUX NITRO EMAJL LAK"},"content":{"rendered":"<h3><strong>T\u00cb DH\u00cbNA T\u00cb P\u00cbRGJITHSHME DHE Q\u00cbLLIMI:<\/strong><\/h3>\n<p class=\"p1\">Nevenalux nitro emajl lak \u00ebsht\u00eb nj\u00eb shtres\u00eb p\u00ebrfundimtare nj\u00ebkomponent\u00ebsh bazuar n\u00eb nj\u00eb kombinim t\u00eb p\u00ebrshtatsh\u00ebm t\u00eb nitroceluloz\u00ebs, rr\u00ebshirave sintetike, mbush\u00ebsve dhe pigment\u00ebve. Karakterizohet nga tharje e shpejt\u00eb. P\u00ebrdoret si nj\u00eb shtres\u00eb dekorative dhe mbrojt\u00ebse p\u00ebr mbrojtjen e sip\u00ebrfaqeve druri, mobiljeve masive dhe t\u00eb furniruara, si dhe sip\u00ebrfaqeve metalike.  <\/p>\n<h3><strong>UDH\u00cbZIME P\u00cbR P\u00cbRDORIM<\/strong><\/h3>\n<p data-start=\"357\" data-end=\"581\">Sip\u00ebrfaqja ku aplikohet duhet t\u00eb jet\u00eb e that\u00eb dhe e past\u00ebr. Si baz\u00eb duhet t\u00eb aplikohet ngjyra baz\u00eb Nevenalux nitro, mbi t\u00eb cil\u00ebn aplikohet Nevenalux nitro emajl. Shtresa aplikohet me pistolet\u00eb, fur\u00e7\u00eb ose zhytje. Tharja b\u00ebhet n\u00eb temperatur\u00eb 20\u00b0C p\u00ebr 30 minuta. E that\u00eb plot\u00ebsisht pas 2-3 or\u00ebsh. Aplikohet n\u00eb nj\u00eb ose dy shtresa.     <\/p>\n<h3><strong>KONSUMI<\/strong><\/h3>\n<p class=\"p1\">10-12 m\u00b2\/kg n\u00eb nj\u00eb shtres\u00eb.<\/p>\n<h3><strong>AMBALAZHIMI<\/strong><\/h3>\n<p class=\"p1\">0.75 l, 2.5 l, 20 l<\/p>\n<h3><strong>AFATI I P\u00cbRDORIMIT DHE RUAJTJA<\/strong><\/h3>\n<p class=\"p1\">36 muaj nga data e shtypur n\u00eb ambalazh. T\u00eb ruhet n\u00eb ambalazhin origjinal, t\u00eb mbyllur mir\u00eb dhe t\u00eb pad\u00ebmtuar n\u00eb temperatur\u00eb nga +5\u00baC deri n\u00eb +25\u00baC. <\/p>\n<h3><strong>NUANCAT<\/strong><\/h3>\n<p class=\"p1\">RAL 9010, RAL 9005, RAL 9006, RAL 7016, RAL 7001, RAL 8017, RAL 8007, RAL 6005, RAL 6001, RAL 3000, RAL 5005, RAL 1018, Portokalli, Oker, E bardh\u00eb mat, E zez\u00eb mat<\/p>\n<h3><strong>DOKUMENTACIONI<\/strong><\/h3>\n<div class=\"dokumentacija\">\n<p><a class=\"dugmeproizvod\" href=\"https:\/\/nevenacolor.co.rs\/wp-content\/uploads\/2025\/06\/Tehnicka-dokumentacija-15.pdf\" target=\"_blank\" rel=\"noopener\">DOKUMENTACIONI TEKNIK<\/a><\/p>\n<p><a class=\"dugmeproizvod\" href=\"https:\/\/nevenacolor.co.rs\/wp-content\/uploads\/2025\/06\/Bezbedonosni-list-17.pdf\" target=\"_blank\" rel=\"noopener\">FLETA E SIGURIS\u00cb<\/a><\/p>\n<\/div>\n","protected":false},"excerpt":{"rendered":"<h3><strong>KARTELA TONE<\/strong><\/h3>\n[elementor-template id=\"42066\"]\n<div><a class=\"tonkarta\" href=\"#nevenaluxnitro-tonkarta\" rel=\"noopener\"><img decoding=\"async\" src=\"https:\/\/nevenacolor.co.rs\/wp-content\/uploads\/2024\/06\/pantone-color-scheme.png\" width=\"40px\"> KARTELA TONE<\/a><\/div>\n","protected":false},"featured_media":41738,"template":"","meta":{"_monsterinsights_skip_tracking":false,"_monsterinsights_sitenote_active":false,"_monsterinsights_sitenote_note":"","_monsterinsights_sitenote_category":0},"product_brand":[],"product_cat":[548,588,589],"product_tag":[],"class_list":{"0":"post-42053","1":"product","2":"type-product","3":"status-publish","4":"has-post-thumbnail","6":"product_cat-shtrese-per-drure","7":"product_cat-veshje-finish","8":"product_cat-veshje-nitro-sq-3","10":"first","11":"instock","12":"shipping-taxable","13":"product-type-simple"},"_links":{"self":[{"href":"https:\/\/nevenacolor.co.rs\/sq\/wp-json\/wp\/v2\/product\/42053","targetHints":{"allow":["GET"]}}],"collection":[{"href":"https:\/\/nevenacolor.co.rs\/sq\/wp-json\/wp\/v2\/product"}],"about":[{"href":"https:\/\/nevenacolor.co.rs\/sq\/wp-json\/wp\/v2\/types\/product"}],"version-history":[{"count":3,"href":"https:\/\/nevenacolor.co.rs\/sq\/wp-json\/wp\/v2\/product\/42053\/revisions"}],"predecessor-version":[{"id":42070,"href":"https:\/\/nevenacolor.co.rs\/sq\/wp-json\/wp\/v2\/product\/42053\/revisions\/42070"}],"wp:featuredmedia":[{"embeddable":true,"href":"https:\/\/nevenacolor.co.rs\/sq\/wp-json\/wp\/v2\/media\/41738"}],"wp:attachment":[{"href":"https:\/\/nevenacolor.co.rs\/sq\/wp-json\/wp\/v2\/media?parent=42053"}],"wp:term":[{"taxonomy":"product_brand","embeddable":true,"href":"https:\/\/nevenacolor.co.rs\/sq\/wp-json\/wp\/v2\/product_brand?post=42053"},{"taxonomy":"product_cat","embeddable":true,"href":"https:\/\/nevenacolor.co.rs\/sq\/wp-json\/wp\/v2\/product_cat?post=42053"},{"taxonomy":"product_tag","embeddable":true,"href":"https:\/\/nevenacolor.co.rs\/sq\/wp-json\/wp\/v2\/product_tag?post=42053"}],"curies":[{"name":"wp","href":"https:\/\/api.w.org\/{rel}","templated":true}]}}