{"id":42256,"date":"2025-08-01T10:55:49","date_gmt":"2025-08-01T10:55:49","guid":{"rendered":"https:\/\/nevenacolor.co.rs\/?post_type=product&#038;p=42256"},"modified":"2025-08-01T11:58:59","modified_gmt":"2025-08-01T11:58:59","slug":"cool-gips","status":"publish","type":"product","link":"https:\/\/nevenacolor.co.rs\/sq\/proizvod\/cool-gips\/","title":{"rendered":"COOL GIPS"},"content":{"rendered":"<h3><strong>P\u00cbRSHKRIM DHE P\u00cbRDORIMI<\/strong><\/h3>\n<p class=\"p1\"><span class=\"s1\"><strong>COOL GIPS<\/strong> \u00ebsht\u00eb boj\u00eb e brendshme disperzionale me mbulim t\u00eb lart\u00eb dhe ekologjike, e formuluar posa\u00e7\u00ebrisht p\u00ebr aplikim direkt n\u00eb pllaka gipsi-gipsoni. \u00cbsht\u00eb b\u00ebr\u00eb nga emulsione <\/span>polimerike me cil\u00ebsi t\u00eb lart\u00eb, pigmente dhe mbush\u00ebs special\u00eb. Karakterizohet nga bardh\u00ebsi e jasht\u00ebzakonshme, mbulim i lart\u00eb, p\u00ebr\u00e7ueshm\u00ebri e avullit dhe rezistenc\u00eb ndaj fshirjes me lag\u00ebshti. P\u00ebrdoret p\u00ebr dekorim dhe mbrojtje t\u00eb sip\u00ebrfaqeve t\u00eb brendshme t\u00eb mureve dhe tavanit n\u00eb nd\u00ebrtesa banimi, biznesi dhe publike, p\u00ebr bojatisje t\u00eb sip\u00ebrfaqeve shum\u00eb thith\u00ebse si pllaka gipsi-gipsoni, sip\u00ebrfaqe t\u00eb l\u00ebmuara me g\u00eblqere dhe substrakte t\u00eb tjera minerale thith\u00ebse.<\/p>\n<h3><strong>UDH\u00cbZIME P\u00cbR P\u00cbRDORIM<\/strong><\/h3>\n<p class=\"p1\">Sip\u00ebrfaqja ku aplikohet boja duhet t\u00eb jet\u00eb e fort\u00eb, e past\u00ebr, e that\u00eb, pa pjes\u00eb t\u00eb dob\u00ebta, yndyr\u00eb dhe papast\u00ebrti t\u00eb tjera q\u00eb mund t\u00eb ndikojn\u00eb negativisht n\u00eb aderimin e veshjes n\u00eb substrat.<\/p>\n<p class=\"p1\">Gjat\u00eb bojatisjes s\u00eb pllakave gipsi-gipson, COOL GIPS aplikohet direkt pa p\u00ebrdorur primer.<\/p>\n<p class=\"p1\">Para p\u00ebrdorimit, p\u00ebrzie boj\u00ebn mir\u00eb dhe holloni deri n\u00eb 20% me uj\u00eb. Aplikohet me rul, fur\u00e7\u00eb ose me sp\u00ebrkatje n\u00eb dy shtresa. Shtresa e dyt\u00eb aplikohet mbi at\u00eb t\u00eb par\u00eb pasi t\u00eb jet\u00eb thar\u00eb plot\u00ebsisht. Koha e tharjes s\u00eb boj\u00ebs \u00ebsht\u00eb 4-6 or\u00eb. Boja mund t\u00eb aplikohet edhe me makineri t\u00eb p\u00ebrshtatshme p\u00ebr sp\u00ebrkatje.<br \/>\nPara se t\u00eb aplikoni boj\u00ebn n\u00eb t\u00eb gjith\u00eb sip\u00ebrfaqen, s\u00eb pari pikturoni sip\u00ebrfaqet m\u00eb pak t\u00eb aksesueshme (k\u00ebndet, kanalet, sip\u00ebrfaqet rreth \u00e7el\u00ebsave dhe prizave), pastaj vazhdoni me bojatisjen e plot\u00eb t\u00eb murit n\u00eb m\u00ebnyr\u00eb t\u00eb nj\u00ebtrajtshme dhe pa nd\u00ebrprerje p\u00ebr t\u00eb shmangur pabarazit\u00eb q\u00eb mund t\u00eb krijohen gjat\u00eb bashkimit t\u00eb sip\u00ebrfaqes.<br \/>\nPas bojatisjes, sip\u00ebrfaqet duhet t\u00eb trajtohen me kujdes, pasi shtresa do t\u00eb arrij\u00eb fort\u00ebsin\u00eb maksimale dhe rezistenc\u00ebn ndaj fshirjes me lag\u00ebshti n\u00ebn kushte normale (temperatur\u00eb +20\u00b0C dhe lag\u00ebshtia relative e ajrit 60%) pas kat\u00ebr jav\u00ebsh.<\/p>\n<p class=\"p1\">COOL GIPS mund t\u00eb tonalizohet me koncentratet COOL p\u00ebr t\u00eb arritur nuanca pastel.<\/p>\n<p class=\"p1\">Temperatura optimale e pun\u00ebs \u00ebsht\u00eb nga +10\u00b0C deri n\u00eb +30\u00b0C. Nuk duhet t\u00eb p\u00ebrdoret n\u00eb temperatura n\u00ebn +5\u00b0C ose mbi +35\u00b0C.<\/p>\n<p class=\"p1\">Pasi p\u00ebrdorimit, mjetet duhet t\u00eb lahen menj\u00ebher\u00eb me uj\u00eb.<\/p>\n<h3><strong>KONSUMI<\/strong><\/h3>\n<p class=\"p1\">6-8 m<span class=\"s1\"><sup>\u00b2<\/sup><\/span>\/l, n\u00eb var\u00ebsi t\u00eb p\u00ebrgatitjes s\u00eb substratit dhe m\u00ebnyr\u00ebs s\u00eb aplikimit.<\/p>\n<h3><strong>PAKIMI<\/strong><\/h3>\n<p class=\"p1\">5 l 15 l<\/p>\n<h3><strong>AFATI I P\u00cbRDORIMIT DHE RUHATJA<\/strong><\/h3>\n<p class=\"p1\">Ruhet p\u00ebr 18 muaj n\u00eb ambalazh origjinal, mir\u00eb t\u00eb mbyllur dhe t\u00eb pacenuar, n\u00eb temperatur\u00eb prej +5\u00baC deri n\u00eb +25\u00baC.<\/p>\n<h3><strong>DOKUMENTACIONI<\/strong><\/h3>\n<div class=\"dokumentacija\">\n<p><a class=\"dugmeproizvod\" href=\"https:\/\/nevenacolor.co.rs\/wp-content\/uploads\/2025\/08\/Tehnicka-dokumentacija.pdf\" target=\"_blank\" rel=\"noopener\">DOKUMENTACIONI TEKNIK<\/a><\/p>\n<p><a class=\"dugmeproizvod\" href=\"https:\/\/nevenacolor.co.rs\/wp-content\/uploads\/2025\/08\/Bezbedonosi-list.pdf\" target=\"_blank\" rel=\"noopener\">FLET\u00cbPAJISJE P\u00cbR SIGURI<\/a><\/p>\n<\/div>\n<p>&nbsp;<\/p>\n","protected":false},"excerpt":{"rendered":"<p>P\u00cbRSHKRIM DHE P\u00cbRDORIMI COOL GIPS \u00ebsht\u00eb boj\u00eb e brendshme disperzionale me mbulim t\u00eb lart\u00eb dhe ekologjike, e formuluar posa\u00e7\u00ebrisht p\u00ebr<\/p>\n","protected":false},"featured_media":42282,"template":"","meta":{"_monsterinsights_skip_tracking":false,"_monsterinsights_sitenote_active":false,"_monsterinsights_sitenote_note":"","_monsterinsights_sitenote_category":0},"product_brand":[],"product_cat":[538,532],"product_tag":[],"class_list":{"0":"post-42256","1":"product","2":"type-product","3":"status-publish","4":"has-post-thumbnail","6":"product_cat-bjere-muri-te-brendshem","7":"product_cat-veshje-ndertimi","9":"first","10":"instock","11":"shipping-taxable","12":"product-type-simple"},"_links":{"self":[{"href":"https:\/\/nevenacolor.co.rs\/sq\/wp-json\/wp\/v2\/product\/42256","targetHints":{"allow":["GET"]}}],"collection":[{"href":"https:\/\/nevenacolor.co.rs\/sq\/wp-json\/wp\/v2\/product"}],"about":[{"href":"https:\/\/nevenacolor.co.rs\/sq\/wp-json\/wp\/v2\/types\/product"}],"version-history":[{"count":3,"href":"https:\/\/nevenacolor.co.rs\/sq\/wp-json\/wp\/v2\/product\/42256\/revisions"}],"predecessor-version":[{"id":42308,"href":"https:\/\/nevenacolor.co.rs\/sq\/wp-json\/wp\/v2\/product\/42256\/revisions\/42308"}],"wp:featuredmedia":[{"embeddable":true,"href":"https:\/\/nevenacolor.co.rs\/sq\/wp-json\/wp\/v2\/media\/42282"}],"wp:attachment":[{"href":"https:\/\/nevenacolor.co.rs\/sq\/wp-json\/wp\/v2\/media?parent=42256"}],"wp:term":[{"taxonomy":"product_brand","embeddable":true,"href":"https:\/\/nevenacolor.co.rs\/sq\/wp-json\/wp\/v2\/product_brand?post=42256"},{"taxonomy":"product_cat","embeddable":true,"href":"https:\/\/nevenacolor.co.rs\/sq\/wp-json\/wp\/v2\/product_cat?post=42256"},{"taxonomy":"product_tag","embeddable":true,"href":"https:\/\/nevenacolor.co.rs\/sq\/wp-json\/wp\/v2\/product_tag?post=42256"}],"curies":[{"name":"wp","href":"https:\/\/api.w.org\/{rel}","templated":true}]}}