{"id":42885,"date":"2026-03-05T14:20:54","date_gmt":"2026-03-05T14:20:54","guid":{"rendered":"https:\/\/nevenacolor.co.rs\/?post_type=product&#038;p=42885"},"modified":"2026-03-05T14:57:07","modified_gmt":"2026-03-05T14:57:07","slug":"cool-malter-suvatim-fasade-me-silikon","status":"publish","type":"product","link":"https:\/\/nevenacolor.co.rs\/sq\/proizvod\/cool-malter-suvatim-fasade-me-silikon\/","title":{"rendered":"COOL MALTER Suvatim fasade me silikon"},"content":{"rendered":"<h3><strong>P\u00cbRSHKRIM DHE P\u00cbRDORIMI<\/strong><\/h3>\n<p data-start=\"97\" data-end=\"487\">COOL suvatimi fasad\u00eb me silikon \u00ebsht\u00eb nj\u00eb suvatim dekorativ n\u00eb gjendje paste, i prodhuar n\u00eb baz\u00eb t\u00eb emulsioneve akrilike me cil\u00ebsi t\u00eb lart\u00eb, rr\u00ebshirave speciale silikoni, aditiv\u00ebve, pigmenteve dhe mbush\u00ebsve mineral\u00eb. Karakterizohet nga ngjitje e mir\u00eb, q\u00ebndrueshm\u00ebri e lart\u00eb, rezistenc\u00eb ndaj ujit dhe p\u00ebrshkueshm\u00ebri ndaj avullit. \u00cbsht\u00eb rezistent ndaj ndikimeve atmosferike dhe rrezatimit UV.<\/p>\n<p data-start=\"489\" data-end=\"581\">\u00cbsht\u00eb i destinuar p\u00ebr mbrojtjen dhe dekorimin e sip\u00ebrfaqeve t\u00eb jashtme t\u00eb mureve t\u00eb fasad\u00ebs.<\/p>\n<h3><strong>UDH\u00cbZIME P\u00cbR P\u00cbRDORIM<\/strong><\/h3>\n<p data-start=\"610\" data-end=\"792\">Sip\u00ebrfaqja mbi t\u00eb cil\u00ebn aplikohet suvatimi duhet t\u00eb jet\u00eb e fort\u00eb, e that\u00eb dhe e past\u00ebr, pa pjes\u00eb t\u00eb dob\u00ebta, yndyr\u00eb dhe papast\u00ebrti t\u00eb tjera q\u00eb mund t\u00eb ndikojn\u00eb negativisht n\u00eb ngjitje.<\/p>\n<p data-start=\"794\" data-end=\"1068\">Suvatimi mund t\u00eb aplikohet n\u00eb t\u00eb gjitha sip\u00ebrfaqet me suva g\u00eblqereje, \u00e7imentoje dhe g\u00eblqere-\u00e7imentoje (t\u00eb pakt\u00ebn nj\u00eb muaj t\u00eb vjetra), n\u00eb shtresat p\u00ebrfundimtare t\u00eb sistemeve t\u00eb termoizolimit (t\u00eb pakt\u00ebn 7 dit\u00eb t\u00eb vjetra) dhe n\u00eb sip\u00ebrfaqe betoni (t\u00eb pakt\u00ebn nj\u00eb muaj t\u00eb vjetra).<\/p>\n<p data-start=\"1070\" data-end=\"1261\">Para aplikimit t\u00eb suvatimit, sip\u00ebrfaqja duhet t\u00eb lyhet me <strong data-start=\"1128\" data-end=\"1158\">baz\u00ebn COOL p\u00ebr suva fasade<\/strong>, n\u00eb nj\u00eb nuanc\u00eb af\u00ebrsisht t\u00eb nj\u00ebjt\u00eb me suvan\u00eb p\u00ebrfundimtare. Koha e tharjes s\u00eb baz\u00ebs \u00ebsht\u00eb <strong data-start=\"1249\" data-end=\"1260\">4\u20136 or\u00eb<\/strong>.<\/p>\n<p data-start=\"1263\" data-end=\"1459\">Para p\u00ebrdorimit, p\u00ebrziejeni suvan\u00eb me nj\u00eb mikser elektrik dore dhe, n\u00ebse \u00ebsht\u00eb e nevojshme, hollojeni me nj\u00eb sasi t\u00eb vog\u00ebl uji (jo m\u00eb shum\u00eb se <strong data-start=\"1406\" data-end=\"1412\">1%<\/strong>). Rregullimi i m\u00ebvonsh\u00ebm i suvas\u00eb nuk lejohet.<\/p>\n<p data-start=\"1461\" data-end=\"1649\">Para p\u00ebrdorimit duhet t\u00eb kontrollohet nuanca (duke p\u00ebrzier t\u00eb pakt\u00ebn <strong data-start=\"1530\" data-end=\"1542\">4\u20135 kova<\/strong>), dhe m\u00eb pas t\u00eb p\u00ebrgatitet sasia e nevojshme e suvas\u00eb q\u00eb i p\u00ebrgjigjet sip\u00ebrfaqes s\u00eb fasad\u00ebs q\u00eb po punohet.<\/p>\n<p data-start=\"1651\" data-end=\"1892\">COOL suvatimi fasad\u00eb me silikon aplikohet me <strong data-start=\"1696\" data-end=\"1719\">mistrie \u00e7eliku inox<\/strong> n\u00eb trash\u00ebsin\u00eb e kokrr\u00ebs m\u00eb t\u00eb madhe. Disa minuta pas aplikimit (n\u00eb var\u00ebsi t\u00eb kushteve klimatike aktuale) vazhdohet p\u00ebrpunimi i m\u00ebtejsh\u00ebm me <strong data-start=\"1860\" data-end=\"1891\">mistrie plastike t\u00eb shesht\u00eb<\/strong>.<\/p>\n<p data-start=\"1894\" data-end=\"2190\">Me l\u00ebvizje t\u00eb nj\u00ebtrajtshme t\u00eb mistris\u00eb, materiali f\u00ebrkohet derisa t\u00eb arrihet struktura e nj\u00ebtrajtshme e shtres\u00ebs p\u00ebrfundimtare t\u00eb suvas\u00eb. \u00cbsht\u00eb e nevojshme t\u00eb punohet n\u00eb m\u00ebnyr\u00eb t\u00eb barabart\u00eb dhe pa nd\u00ebrprerje n\u00eb sip\u00ebrfaqe t\u00eb vazhdueshme t\u00eb mureve, n\u00eb m\u00ebnyr\u00eb q\u00eb t\u00eb shmangen dallimet dhe pabarazit\u00eb.<\/p>\n<p data-start=\"2192\" data-end=\"2341\">COOL suvatimi fasad\u00eb me silikon \u00ebsht\u00eb <strong data-start=\"2230\" data-end=\"2263\">i that\u00eb n\u00eb prekje pas 6 or\u00ebsh<\/strong>. Pas <strong data-start=\"2269\" data-end=\"2306\">24 or\u00ebsh \u00ebsht\u00eb plot\u00ebsisht i that\u00eb<\/strong> dhe b\u00ebhet rezistent ndaj reshjeve.<\/p>\n<p data-start=\"2343\" data-end=\"2551\">Temperatura optimale e pun\u00ebs \u00ebsht\u00eb <strong data-start=\"2378\" data-end=\"2405\">nga +10\u00b0C deri n\u00eb +30\u00b0C<\/strong>. Nuk duhet t\u00eb p\u00ebrdoret n\u00eb temperatura n\u00ebn <strong data-start=\"2448\" data-end=\"2456\">+5\u00b0C<\/strong>, me lag\u00ebshti relative t\u00eb ajrit mbi <strong data-start=\"2492\" data-end=\"2499\">80%<\/strong>, gjat\u00eb diellit t\u00eb fort\u00eb, er\u00ebs, mjegull\u00ebs ose shiut.<\/p>\n<p data-start=\"2553\" data-end=\"2656\">Temperaturat m\u00eb t\u00eb ul\u00ebta dhe lag\u00ebshtia m\u00eb e lart\u00eb relative e ajrit e zgjasin koh\u00ebn e tharjes s\u00eb suvas\u00eb.<\/p>\n<p data-start=\"2658\" data-end=\"2713\">Pas p\u00ebrdorimit, veglat duhet t\u00eb lahen menj\u00ebher\u00eb me uj\u00eb.<\/p>\n<h3><strong>KONSUMI<\/strong><\/h3>\n<table class=\"t1\" cellspacing=\"0\" cellpadding=\"0\">\n<tbody>\n<tr>\n<td class=\"td1\" valign=\"top\"><\/td>\n<td class=\"td1\" valign=\"top\">\n<p class=\"p2\">1 mm<\/p>\n<\/td>\n<td class=\"td2\" valign=\"top\">\n<p class=\"p2\">1,5 mm<\/p>\n<\/td>\n<td class=\"td1\" valign=\"top\">\n<p class=\"p2\">2 mm<\/p>\n<\/td>\n<\/tr>\n<tr>\n<td class=\"td3\" valign=\"top\">\n<p class=\"p3\">COOL MALTER Suvatim fasade me silikon<\/p>\n<\/td>\n<td class=\"td3\" valign=\"top\">\n<p class=\"p2\">2.5-3.5<\/p>\n<\/td>\n<td class=\"td4\" valign=\"top\">\n<p class=\"p2\">3-4<\/p>\n<\/td>\n<td class=\"td3\" valign=\"top\">\n<p class=\"p2\">3-4<\/p>\n<\/td>\n<\/tr>\n<\/tbody>\n<\/table>\n<h3><strong>PAKIMI<\/strong><\/h3>\n<p>25kg<\/p>\n<h3><strong>AFATI I P\u00cbRDORIMIT DHE RUHATJA<\/strong><\/h3>\n<p data-start=\"2800\" data-end=\"2957\">T\u00eb pakt\u00ebn <strong data-start=\"2810\" data-end=\"2821\">18 muaj<\/strong> n\u00eb paketim origjinal t\u00eb mbyllur mir\u00eb dhe t\u00eb pad\u00ebmtuar, n\u00eb ambiente t\u00eb thata dhe t\u00eb ajrosura, n\u00eb temperatur\u00eb <strong data-start=\"2930\" data-end=\"2956\">nga +5\u00b0C deri n\u00eb +30\u00b0C<\/strong>.<\/p>\n<h3><strong>DOKUMENTACIONI<\/strong><\/h3>\n<div class=\"dokumentacija\">\n<p><a class=\"dugmeproizvod\" href=\"https:\/\/nevenacolor.co.rs\/wp-content\/uploads\/2026\/03\/Tehnicka-dokumentacija.pdf\" target=\"_blank\" rel=\"noopener\">DOKUMENTACIONI TEKNIK<\/a><\/p>\n<p><a class=\"dugmeproizvod\" href=\"https:\/\/nevenacolor.co.rs\/wp-content\/uploads\/2026\/03\/Bezbedonosni-list.pdf\" target=\"_blank\" rel=\"noopener\">FLET\u00cbPAJISJE P\u00cbR SIGURI<\/a><\/p>\n<\/div>\n<p>&nbsp;<\/p>\n","protected":false},"excerpt":{"rendered":"<p>P\u00cbRSHKRIM DHE P\u00cbRDORIMI COOL suvatimi fasad\u00eb me silikon \u00ebsht\u00eb nj\u00eb suvatim dekorativ n\u00eb gjendje paste, i prodhuar n\u00eb baz\u00eb t\u00eb<\/p>\n","protected":false},"featured_media":42911,"template":"","meta":{"_monsterinsights_skip_tracking":false,"_monsterinsights_sitenote_active":false,"_monsterinsights_sitenote_note":"","_monsterinsights_sitenote_category":0},"product_brand":[],"product_cat":[539,532],"product_tag":[],"class_list":{"0":"post-42885","1":"product","2":"type-product","3":"status-publish","4":"has-post-thumbnail","6":"product_cat-suvatim-dekorativ","7":"product_cat-veshje-ndertimi","9":"first","10":"instock","11":"shipping-taxable","12":"product-type-simple"},"_links":{"self":[{"href":"https:\/\/nevenacolor.co.rs\/sq\/wp-json\/wp\/v2\/product\/42885","targetHints":{"allow":["GET"]}}],"collection":[{"href":"https:\/\/nevenacolor.co.rs\/sq\/wp-json\/wp\/v2\/product"}],"about":[{"href":"https:\/\/nevenacolor.co.rs\/sq\/wp-json\/wp\/v2\/types\/product"}],"version-history":[{"count":3,"href":"https:\/\/nevenacolor.co.rs\/sq\/wp-json\/wp\/v2\/product\/42885\/revisions"}],"predecessor-version":[{"id":42923,"href":"https:\/\/nevenacolor.co.rs\/sq\/wp-json\/wp\/v2\/product\/42885\/revisions\/42923"}],"wp:featuredmedia":[{"embeddable":true,"href":"https:\/\/nevenacolor.co.rs\/sq\/wp-json\/wp\/v2\/media\/42911"}],"wp:attachment":[{"href":"https:\/\/nevenacolor.co.rs\/sq\/wp-json\/wp\/v2\/media?parent=42885"}],"wp:term":[{"taxonomy":"product_brand","embeddable":true,"href":"https:\/\/nevenacolor.co.rs\/sq\/wp-json\/wp\/v2\/product_brand?post=42885"},{"taxonomy":"product_cat","embeddable":true,"href":"https:\/\/nevenacolor.co.rs\/sq\/wp-json\/wp\/v2\/product_cat?post=42885"},{"taxonomy":"product_tag","embeddable":true,"href":"https:\/\/nevenacolor.co.rs\/sq\/wp-json\/wp\/v2\/product_tag?post=42885"}],"curies":[{"name":"wp","href":"https:\/\/api.w.org\/{rel}","templated":true}]}}